{"id":43,"date":"2011-01-16T20:37:05","date_gmt":"2011-01-16T20:37:05","guid":{"rendered":"http:\/\/wordpress.asv-lichtenau.de\/?page_id=43"},"modified":"2024-01-10T16:01:51","modified_gmt":"2024-01-10T15:01:51","slug":"beitrage","status":"publish","type":"page","link":"https:\/\/www.asv-lichtenau.de\/?page_id=43","title":{"rendered":"Beitr\u00e4ge"},"content":{"rendered":"<p>Beitrag aktive Mitglieder: 70,00 \u20ac<br \/>\nArbeitsdienstgeb\u00fchr: 75,00 \u20ac (= 5 x 15,00 \u20ac )<br \/>\nJugend: 15,00 \u20ac<br \/>\nPassive Mitglieder: 10,00 \u20ac<\/p>\n<p>Aufnahmegeb\u00fchr: Einwohner Stadt Lichtenau: 50,00 \u20ac<br \/>\nSonstige: 100,00 \u20ac<\/p>\n<p>F\u00fcr neue Mitglieder gilt ein Probejahr. Bei Antragstellung auf eine Mitgliedschaft entscheidet die Vorstandschaft.<br \/>\nF\u00fcr Jugendliche gilt diese Regelung nicht.<\/p>\n<p>Vorrausetzungen f\u00fcr eine Mitgliedschaft:<br \/>\nJugendliche:\u00a0\u00a0\u00a0\u00a0\u00a0 ab 10 Jahren; g\u00fcltiger Jugendjahresfischereischein<br \/>\nErwachsene:\u00a0\u00a0 \u00a0\u00a0 g\u00fcltiger Jahresfischereischein<\/p>\n<p>N\u00e4here Ausk\u00fcnfte bzw Anfragen:<br \/>\n1. Vorstand:\u00a0\u00a0 Rainer Weisenburger\u00a0\u00a0\u00a0\u00a0\u00a0\u00a0 Telefon 07227\/4537<br \/>\nJugendleiter:\u00a0 Jahn G\u00f6tz \u00a0 \u00a0 \u00a0 \u00a0 \u00a0 \u00a0 \u00a0 \u00a0 \u00a0 Telefon: 07227 \/ 993250<\/p>\n","protected":false},"excerpt":{"rendered":"<p>Beitrag aktive Mitglieder: 70,00 \u20ac Arbeitsdienstgeb\u00fchr: 75,00 \u20ac (= 5 x 15,00 \u20ac ) Jugend: 15,00 \u20ac Passive Mitglieder: 10,00 \u20ac Aufnahmegeb\u00fchr: Einwohner Stadt Lichtenau: 50,00 \u20ac Sonstige: 100,00 \u20ac F\u00fcr neue Mitglieder gilt ein Probejahr. Bei Antragstellung auf eine Mitgliedschaft entscheidet die Vorstandschaft. F\u00fcr Jugendliche gilt diese Regelung nicht. Vorrausetzungen f\u00fcr eine Mitgliedschaft: Jugendliche:\u00a0\u00a0\u00a0\u00a0\u00a0 [&hellip;]<\/p>\n","protected":false},"author":2,"featured_media":0,"parent":0,"menu_order":2,"comment_status":"closed","ping_status":"closed","template":"","meta":{"footnotes":""},"class_list":["post-43","page","type-page","status-publish","hentry"],"_links":{"self":[{"href":"https:\/\/www.asv-lichtenau.de\/index.php?rest_route=\/wp\/v2\/pages\/43","targetHints":{"allow":["GET"]}}],"collection":[{"href":"https:\/\/www.asv-lichtenau.de\/index.php?rest_route=\/wp\/v2\/pages"}],"about":[{"href":"https:\/\/www.asv-lichtenau.de\/index.php?rest_route=\/wp\/v2\/types\/page"}],"author":[{"embeddable":true,"href":"https:\/\/www.asv-lichtenau.de\/index.php?rest_route=\/wp\/v2\/users\/2"}],"replies":[{"embeddable":true,"href":"https:\/\/www.asv-lichtenau.de\/index.php?rest_route=%2Fwp%2Fv2%2Fcomments&post=43"}],"version-history":[{"count":12,"href":"https:\/\/www.asv-lichtenau.de\/index.php?rest_route=\/wp\/v2\/pages\/43\/revisions"}],"predecessor-version":[{"id":1202,"href":"https:\/\/www.asv-lichtenau.de\/index.php?rest_route=\/wp\/v2\/pages\/43\/revisions\/1202"}],"wp:attachment":[{"href":"https:\/\/www.asv-lichtenau.de\/index.php?rest_route=%2Fwp%2Fv2%2Fmedia&parent=43"}],"curies":[{"name":"wp","href":"https:\/\/api.w.org\/{rel}","templated":true}]}}